{"id":87,"date":"2025-05-28T05:34:23","date_gmt":"2025-05-28T05:34:23","guid":{"rendered":"http:\/\/www.opera-racing.pl\/?page_id=87"},"modified":"2026-03-26T09:54:12","modified_gmt":"2026-03-26T09:54:12","slug":"wydarzenia","status":"publish","type":"page","link":"https:\/\/www.opera-racing.pl\/index.php\/wydarzenia\/","title":{"rendered":"Wydarzenia ACC"},"content":{"rendered":"\n<h1 class=\"wp-block-heading has-text-align-center has-text-color has-link-color wp-elements-5f7a6cfe53444c3be77a23cc11f381cc\" style=\"color:#005cbf\">Wydarzenia Assetto Corsa Competizione<\/h1>\n\n\n\n<hr class=\"wp-block-separator alignwide has-text-color has-alpha-channel-opacity has-background\" style=\"margin-top:2.2rem;margin-bottom:2.2rem;background-color:#00c3e1;color:#00c3e1\"\/>\n\n\n\n<p class=\"has-text-align-center\">Nowy sezon ju\u017c wkr\u00f3tce! Przygotuj si\u0119 na \u015bwie\u017ce emocje, nowe mo\u017cliwo\u015bci i jeszcze wi\u0119cej tego, co lubisz. Zosta\u0144 z nami i nie przegap startu!<\/p>\n\n\n\n<p class=\"has-text-align-center\">A na razie zapraszamy w ka\u017cdy wtorek na wsp\u00f3lne \u015bciganie \u2013 do\u0142\u0105cz i poczuj klimat rywalizacji!<\/p>\n\n\n\n<hr class=\"wp-block-separator alignwide has-text-color has-alpha-channel-opacity has-background\" style=\"margin-top:2.2rem;margin-bottom:2.2rem;background-color:#00c3e1;color:#00c3e1\"\/>\n","protected":false},"excerpt":{"rendered":"<p>Wydarzenia Assetto Corsa Competizione Nowy sezon ju\u017c wkr\u00f3tce! Przygotuj si\u0119 na \u015bwie\u017ce emocje, nowe mo\u017cliwo\u015bci i jeszcze wi\u0119cej tego, co lubisz. Zosta\u0144 z nami i nie przegap startu! A na razie zapraszamy w ka\u017cdy wtorek na wsp\u00f3lne \u015bciganie \u2013 do\u0142\u0105cz i poczuj klimat rywalizacji!<\/p>\n","protected":false},"author":1,"featured_media":0,"parent":0,"menu_order":3,"comment_status":"closed","ping_status":"closed","template":"","meta":{"_kadence_starter_templates_imported_post":false,"_kad_post_transparent":"","_kad_post_title":"","_kad_post_layout":"","_kad_post_sidebar_id":"","_kad_post_content_style":"","_kad_post_vertical_padding":"","_kad_post_feature":"","_kad_post_feature_position":"","_kad_post_header":false,"_kad_post_footer":false,"_kad_post_classname":"","footnotes":""},"class_list":["post-87","page","type-page","status-publish","hentry"],"_links":{"self":[{"href":"https:\/\/www.opera-racing.pl\/index.php\/wp-json\/wp\/v2\/pages\/87","targetHints":{"allow":["GET"]}}],"collection":[{"href":"https:\/\/www.opera-racing.pl\/index.php\/wp-json\/wp\/v2\/pages"}],"about":[{"href":"https:\/\/www.opera-racing.pl\/index.php\/wp-json\/wp\/v2\/types\/page"}],"author":[{"embeddable":true,"href":"https:\/\/www.opera-racing.pl\/index.php\/wp-json\/wp\/v2\/users\/1"}],"replies":[{"embeddable":true,"href":"https:\/\/www.opera-racing.pl\/index.php\/wp-json\/wp\/v2\/comments?post=87"}],"version-history":[{"count":35,"href":"https:\/\/www.opera-racing.pl\/index.php\/wp-json\/wp\/v2\/pages\/87\/revisions"}],"predecessor-version":[{"id":364,"href":"https:\/\/www.opera-racing.pl\/index.php\/wp-json\/wp\/v2\/pages\/87\/revisions\/364"}],"wp:attachment":[{"href":"https:\/\/www.opera-racing.pl\/index.php\/wp-json\/wp\/v2\/media?parent=87"}],"curies":[{"name":"wp","href":"https:\/\/api.w.org\/{rel}","templated":true}]}}