{"id":37,"date":"2025-05-27T09:59:42","date_gmt":"2025-05-27T09:59:42","guid":{"rendered":"http:\/\/www.opera-racing.pl\/?page_id=37"},"modified":"2025-06-13T08:08:11","modified_gmt":"2025-06-13T08:08:11","slug":"o-nas","status":"publish","type":"page","link":"https:\/\/www.opera-racing.pl\/","title":{"rendered":"O nas"},"content":{"rendered":"\n<h1 class=\"wp-block-heading\">O nas<\/h1>\n\n\n\n<div class=\"wp-block-media-text is-stacked-on-mobile is-vertically-aligned-top\" style=\"grid-template-columns:40% auto\"><figure class=\"wp-block-media-text__media\"><img loading=\"lazy\" decoding=\"async\" width=\"1000\" height=\"667\" src=\"http:\/\/www.opera-racing.pl\/wp-content\/uploads\/2025\/05\/operaracing_wizyt.webp\" alt=\"\" class=\"wp-image-5 size-full\" srcset=\"https:\/\/www.opera-racing.pl\/wp-content\/uploads\/2025\/05\/operaracing_wizyt.webp 1000w, https:\/\/www.opera-racing.pl\/wp-content\/uploads\/2025\/05\/operaracing_wizyt-300x200.webp 300w, https:\/\/www.opera-racing.pl\/wp-content\/uploads\/2025\/05\/operaracing_wizyt-768x512.webp 768w\" sizes=\"auto, (max-width: 1000px) 100vw, 1000px\" \/><\/figure><div class=\"wp-block-media-text__content\">\n<section id=\"opera-racing\">\n  <h2>Spo\u0142eczno\u015b\u0107 Opera Racing<\/h2>\n  <article>\n    <p><strong>Opera Racing<\/strong> to spo\u0142eczno\u015b\u0107 pasjonat\u00f3w simracingu, w kt\u00f3rej realizujemy wsp\u00f3ln\u0105 pasj\u0119 do wy\u015bcig\u00f3w, rywalizacji i dobrej zabawy. Tworzymy \u015brodowisko, w kt\u00f3rym zar\u00f3wno do\u015bwiadczeni kierowcy, jak i pocz\u0105tkuj\u0105cy znajd\u0105 swoje miejsce na torze.<\/p>\n\n\n\n<p style=\"line-height:0\"><\/p>\n<\/div><\/div>\n\n\n\n<p>Nasz\u0105 misj\u0105 jest budowanie aktywnej, zaanga\u017cowanej i przyjaznej spo\u0142eczno\u015bci, opartej na zasadach <strong>fair play<\/strong>, wzajemnym szacunku oraz wsp\u00f3lnym d\u0105\u017ceniu do doskona\u0142o\u015bci. Organizujemy regularne ligi, eventy i wy\u015bcigi towarzyskie w r\u00f3\u017cnych symulatorach \u2013 oferuj\u0105c emocje, wyzwania i niezapomniane momenty za kierownic\u0105, bez wychodzenia z domu.<\/p>\n\n    <p><strong>Do\u0142\u0105cz do nas i poczuj, czym jest prawdziwe \u015bciganie w wirtualnym \u015bwiecie.<\/strong><br>\n    <strong>W Opera Racing \u2013 ka\u017cdy zakr\u0119t ma znaczenie!<\/strong><\/p>\n\n    <p>Spo\u0142eczno\u015b\u0107 powsta\u0142a w <strong>2023 roku<\/strong>, po rozpadzie grupy <em>Gentleman&#8217;s Racing<\/em>. W <strong>2025 roku<\/strong> z dum\u0105 do\u0142\u0105czyli\u015bmy do zespo\u0142u <strong>Polish Eagles-Hunters<\/strong> \u2013 dru\u017cyny z ponad 10-letnim do\u015bwiadczeniem w simracingu. To nie tylko zaszczyt, ale te\u017c nowe mo\u017cliwo\u015bci wsp\u00f3lnego rozwoju i rywalizacji na najwy\u017cszym poziomie.<\/p>\n  <\/article>\n<\/section>\n\n\n\n<a href=\"https:\/\/discord.gg\/qejqHQHUdy\" target=\"_blank\" \n   style=\"\n     display: inline-flex;\n     align-items: center;\n     background-color: #b097f1;\n     color: white;\n     padding: 10px 18px;\n     border-radius: 8px;\n     font-weight: bold;\n     font-family: sans-serif;\n     text-decoration: none;\n     font-size: 16px;\n     transition: background-color 0.3s;\">\n  <img decoding=\"async\" src=\"https:\/\/cdn-icons-png.flaticon.com\/512\/2111\/2111370.png\" \n       alt=\"Discord icon\" \n       style=\"height: 20px; width: 20px; margin-right: 10px;\">\n  Zapraszamy na Discorda\n<\/a>\n\n\n\n<a href=\"https:\/\/streamelements.com\/lengthytunic55\/tip\" target=\"_blank\"\n   class=\"btn-tip btn-tip--light\">\n  \u2764\ufe0f Wesprzyj nasz rozw\u00f3j!\n<\/a>\n\n<style>\n  .btn-tip {\n    display: inline-flex;\n    align-items: center;\n    color: white;\n    padding: 10px 24px;\n    font-weight: bold;\n    text-decoration: none;\n    border-radius: 8px;\n    font-size: 16px;\n    transition: background-color 0.3s;\n  }\n  .btn-tip--light {\n    background-color: #2cd7ff;\n    color: #111;\n  }\n  .btn-tip--light:hover {\n    background-color: #f2c200;\n  }\n<\/style>\n","protected":false},"excerpt":{"rendered":"<p>O nas Spo\u0142eczno\u015b\u0107 Opera Racing Opera Racing to spo\u0142eczno\u015b\u0107 pasjonat\u00f3w simracingu, w kt\u00f3rej realizujemy wsp\u00f3ln\u0105 pasj\u0119 do wy\u015bcig\u00f3w, rywalizacji i dobrej zabawy. Tworzymy \u015brodowisko, w kt\u00f3rym zar\u00f3wno do\u015bwiadczeni kierowcy, jak i pocz\u0105tkuj\u0105cy znajd\u0105 swoje miejsce na torze. Nasz\u0105 misj\u0105 jest budowanie aktywnej, zaanga\u017cowanej i przyjaznej spo\u0142eczno\u015bci, opartej na zasadach fair play, wzajemnym szacunku oraz wsp\u00f3lnym&#8230;<\/p>\n","protected":false},"author":1,"featured_media":6,"parent":0,"menu_order":1,"comment_status":"closed","ping_status":"closed","template":"","meta":{"_kadence_starter_templates_imported_post":false,"_kad_post_transparent":"","_kad_post_title":"","_kad_post_layout":"","_kad_post_sidebar_id":"","_kad_post_content_style":"","_kad_post_vertical_padding":"","_kad_post_feature":"","_kad_post_feature_position":"","_kad_post_header":false,"_kad_post_footer":false,"_kad_post_classname":"","footnotes":""},"class_list":["post-37","page","type-page","status-publish","has-post-thumbnail","hentry"],"_links":{"self":[{"href":"https:\/\/www.opera-racing.pl\/index.php\/wp-json\/wp\/v2\/pages\/37","targetHints":{"allow":["GET"]}}],"collection":[{"href":"https:\/\/www.opera-racing.pl\/index.php\/wp-json\/wp\/v2\/pages"}],"about":[{"href":"https:\/\/www.opera-racing.pl\/index.php\/wp-json\/wp\/v2\/types\/page"}],"author":[{"embeddable":true,"href":"https:\/\/www.opera-racing.pl\/index.php\/wp-json\/wp\/v2\/users\/1"}],"replies":[{"embeddable":true,"href":"https:\/\/www.opera-racing.pl\/index.php\/wp-json\/wp\/v2\/comments?post=37"}],"version-history":[{"count":28,"href":"https:\/\/www.opera-racing.pl\/index.php\/wp-json\/wp\/v2\/pages\/37\/revisions"}],"predecessor-version":[{"id":296,"href":"https:\/\/www.opera-racing.pl\/index.php\/wp-json\/wp\/v2\/pages\/37\/revisions\/296"}],"wp:featuredmedia":[{"embeddable":true,"href":"https:\/\/www.opera-racing.pl\/index.php\/wp-json\/wp\/v2\/media\/6"}],"wp:attachment":[{"href":"https:\/\/www.opera-racing.pl\/index.php\/wp-json\/wp\/v2\/media?parent=37"}],"curies":[{"name":"wp","href":"https:\/\/api.w.org\/{rel}","templated":true}]}}