{"id":350,"date":"2026-03-26T09:06:54","date_gmt":"2026-03-26T09:06:54","guid":{"rendered":"https:\/\/www.opera-racing.pl\/?page_id=350"},"modified":"2026-03-26T09:11:38","modified_gmt":"2026-03-26T09:11:38","slug":"archiwum","status":"publish","type":"page","link":"https:\/\/www.opera-racing.pl\/index.php\/archiwum\/","title":{"rendered":"Archiwum"},"content":{"rendered":"\n<ul class=\"wp-block-list\">\n<li><\/li>\n<\/ul>\n\n\n\n<hr class=\"wp-block-separator has-text-color has-alpha-channel-opacity has-background is-style-wide\" style=\"margin-top:var(--wp--preset--spacing--30);margin-bottom:var(--wp--preset--spacing--30);background-color:#01b9b9;color:#01b9b9\"\/>\n\n\n\n<div class=\"season-link\" style=\"margin-bottom: 1em;\">\n  <h2 style=\"margin: 0 0 0.3em 0;\">OR-&#8222;Racing Revolution&#8221;<\/h2>\n  <a href=\"https:\/\/www.thesimgrid.com\/championships\/15916\" target=\"_blank\" style=\"text-decoration: underline; color: #0057b7; font-size: 1.1em; font-weight: bold;\">\n    <img decoding=\"async\" src=\"https:\/\/cdn.thesimgrid.com\/2v19ox081p32hq4qq5ers8dcyrah\" alt=\"Opera logo\" style=\"height:100px; vertical-align:middle; margin-right: 70px;\">\n    <h3>Zako\u0144czony-kliknij po szczeg\u00f3\u0142y!<\/h3>\n  <\/a>\n<\/div>\n\n\n\n<hr class=\"wp-block-separator has-text-color has-alpha-channel-opacity has-background is-style-wide\" style=\"margin-top:var(--wp--preset--spacing--30);margin-bottom:var(--wp--preset--spacing--30);background-color:#01b9b9;color:#01b9b9\"\/>\n\n\n\n<div class=\"season-link\" style=\"margin-bottom: 1em;\">\n  <h2 style=\"margin: 0 0 0.3em 0;\">OR-&#8222;500 Miles series&#8221;<\/h2>\n  <a href=\"https:\/\/www.thesimgrid.com\/championships\/15894\" target=\"_blank\" style=\"text-decoration: underline; color: #0057b7; font-size: 1.1em; font-weight: bold;\">\n    <img decoding=\"async\" src=\"https:\/\/cdn.thesimgrid.com\/w827ta55f3zeqqz8mm2dq9u2a94r\" alt=\"Opera logo\" style=\"height:100px; vertical-align:middle; margin-right: 70px;\">\n    <h3>Zako\u0144czony!<\/h3>\n  <\/a>\n<\/div>\n\n\n\n<hr class=\"wp-block-separator has-text-color has-alpha-channel-opacity has-background is-style-wide\" style=\"margin-top:var(--wp--preset--spacing--30);margin-bottom:var(--wp--preset--spacing--30);background-color:#01b9b9;color:#01b9b9\"\/>\n\n\n\n<div class=\"season-link\" style=\"margin-bottom: 1em;\">\n  <h2 style=\"margin: 0 0 0.3em 0;\">OR &#038; Fansim&#8221;\ud83c\udfc6Super Touring Cup 2025&#8243;<\/h2>\n  <a href=\"https:\/\/raceapp.eu\/opera\/Series\/6478\" target=\"_blank\" style=\"text-decoration: underline; color: #0057b7; font-size: 1.1em; font-weight: bold;\">\n    <img decoding=\"async\" src=\"https:\/\/raceapp.eu\/api\/fs\/kendo\/download\/790?path=logochamp.png\" alt=\"Opera logo\" style=\"height:100px; vertical-align:middle; margin-right: 70px;\">\n    <h3>Zako\u0144czony-kliknij po szczeg\u00f3\u0142y!<\/h3>\n  <\/a>\n<\/div>\n\n\n\n<hr class=\"wp-block-separator has-text-color has-alpha-channel-opacity has-background is-style-wide\" style=\"margin-top:var(--wp--preset--spacing--30);margin-bottom:var(--wp--preset--spacing--30);background-color:#01b9b9;color:#01b9b9\"\/>\n","protected":false},"excerpt":{"rendered":"<p>OR-&#8222;Racing Revolution&#8221; Zako\u0144czony-kliknij po szczeg\u00f3\u0142y! OR-&#8222;500 Miles series&#8221; Zako\u0144czony! OR &#038; Fansim&#8221;\ud83c\udfc6Super Touring Cup 2025&#8243; Zako\u0144czony-kliknij po szczeg\u00f3\u0142y!<\/p>\n","protected":false},"author":1,"featured_media":0,"parent":0,"menu_order":0,"comment_status":"closed","ping_status":"closed","template":"","meta":{"_kadence_starter_templates_imported_post":false,"_kad_post_transparent":"","_kad_post_title":"","_kad_post_layout":"","_kad_post_sidebar_id":"","_kad_post_content_style":"","_kad_post_vertical_padding":"","_kad_post_feature":"","_kad_post_feature_position":"","_kad_post_header":false,"_kad_post_footer":false,"_kad_post_classname":"","footnotes":""},"class_list":["post-350","page","type-page","status-publish","hentry"],"_links":{"self":[{"href":"https:\/\/www.opera-racing.pl\/index.php\/wp-json\/wp\/v2\/pages\/350","targetHints":{"allow":["GET"]}}],"collection":[{"href":"https:\/\/www.opera-racing.pl\/index.php\/wp-json\/wp\/v2\/pages"}],"about":[{"href":"https:\/\/www.opera-racing.pl\/index.php\/wp-json\/wp\/v2\/types\/page"}],"author":[{"embeddable":true,"href":"https:\/\/www.opera-racing.pl\/index.php\/wp-json\/wp\/v2\/users\/1"}],"replies":[{"embeddable":true,"href":"https:\/\/www.opera-racing.pl\/index.php\/wp-json\/wp\/v2\/comments?post=350"}],"version-history":[{"count":2,"href":"https:\/\/www.opera-racing.pl\/index.php\/wp-json\/wp\/v2\/pages\/350\/revisions"}],"predecessor-version":[{"id":357,"href":"https:\/\/www.opera-racing.pl\/index.php\/wp-json\/wp\/v2\/pages\/350\/revisions\/357"}],"wp:attachment":[{"href":"https:\/\/www.opera-racing.pl\/index.php\/wp-json\/wp\/v2\/media?parent=350"}],"curies":[{"name":"wp","href":"https:\/\/api.w.org\/{rel}","templated":true}]}}