{"id":221,"date":"2025-05-28T15:51:02","date_gmt":"2025-05-28T15:51:02","guid":{"rendered":"https:\/\/www.opera-racing.pl\/?page_id=221"},"modified":"2026-03-26T09:55:51","modified_gmt":"2026-03-26T09:55:51","slug":"wydarzenia-rre","status":"publish","type":"page","link":"https:\/\/www.opera-racing.pl\/index.php\/wydarzenia-rre\/","title":{"rendered":"Wydarzenia RRE"},"content":{"rendered":"\n<h2 class=\"wp-block-heading has-text-align-center has-text-color has-link-color wp-elements-85e5d4fe447d16a6548cbb0bae15a0ec\" style=\"color:#002e60\">Wydarzenia Raceroom Racing Experience<\/h2>\n\n\n\n<hr class=\"wp-block-separator has-text-color has-alpha-channel-opacity has-background is-style-wide\" style=\"margin-top:var(--wp--preset--spacing--30);margin-bottom:var(--wp--preset--spacing--30);background-color:#03bdd9;color:#03bdd9\"\/>\n\n\n\n<p class=\"has-text-align-center\">Nowy sezon ju\u017c wkr\u00f3tce! Przygotuj si\u0119 na \u015bwie\u017ce emocje, nowe mo\u017cliwo\u015bci i jeszcze wi\u0119cej tego, co lubisz. Zosta\u0144 z nami i nie przegap startu!<\/p>\n\n\n\n<p class=\"has-text-align-center\">A na razie zapraszamy w ka\u017cdy wtorek na wsp\u00f3lne \u015bciganie \u2013 do\u0142\u0105cz i poczuj klimat rywalizacji!<\/p>\n\n\n\n<hr class=\"wp-block-separator has-text-color has-alpha-channel-opacity has-background is-style-wide\" style=\"margin-top:var(--wp--preset--spacing--30);margin-bottom:var(--wp--preset--spacing--30);background-color:#03bdd9;color:#03bdd9\"\/>\n","protected":false},"excerpt":{"rendered":"<p>Wydarzenia Raceroom Racing Experience Nowy sezon ju\u017c wkr\u00f3tce! Przygotuj si\u0119 na \u015bwie\u017ce emocje, nowe mo\u017cliwo\u015bci i jeszcze wi\u0119cej tego, co lubisz. Zosta\u0144 z nami i nie przegap startu! A na razie zapraszamy w ka\u017cdy wtorek na wsp\u00f3lne \u015bciganie \u2013 do\u0142\u0105cz i poczuj klimat rywalizacji!<\/p>\n","protected":false},"author":1,"featured_media":0,"parent":0,"menu_order":0,"comment_status":"closed","ping_status":"closed","template":"","meta":{"_kadence_starter_templates_imported_post":false,"_kad_post_transparent":"","_kad_post_title":"","_kad_post_layout":"","_kad_post_sidebar_id":"","_kad_post_content_style":"","_kad_post_vertical_padding":"","_kad_post_feature":"","_kad_post_feature_position":"","_kad_post_header":false,"_kad_post_footer":false,"_kad_post_classname":"","footnotes":""},"class_list":["post-221","page","type-page","status-publish","hentry"],"_links":{"self":[{"href":"https:\/\/www.opera-racing.pl\/index.php\/wp-json\/wp\/v2\/pages\/221","targetHints":{"allow":["GET"]}}],"collection":[{"href":"https:\/\/www.opera-racing.pl\/index.php\/wp-json\/wp\/v2\/pages"}],"about":[{"href":"https:\/\/www.opera-racing.pl\/index.php\/wp-json\/wp\/v2\/types\/page"}],"author":[{"embeddable":true,"href":"https:\/\/www.opera-racing.pl\/index.php\/wp-json\/wp\/v2\/users\/1"}],"replies":[{"embeddable":true,"href":"https:\/\/www.opera-racing.pl\/index.php\/wp-json\/wp\/v2\/comments?post=221"}],"version-history":[{"count":13,"href":"https:\/\/www.opera-racing.pl\/index.php\/wp-json\/wp\/v2\/pages\/221\/revisions"}],"predecessor-version":[{"id":368,"href":"https:\/\/www.opera-racing.pl\/index.php\/wp-json\/wp\/v2\/pages\/221\/revisions\/368"}],"wp:attachment":[{"href":"https:\/\/www.opera-racing.pl\/index.php\/wp-json\/wp\/v2\/media?parent=221"}],"curies":[{"name":"wp","href":"https:\/\/api.w.org\/{rel}","templated":true}]}}