{"id":217,"date":"2025-05-28T15:48:43","date_gmt":"2025-05-28T15:48:43","guid":{"rendered":"https:\/\/www.opera-racing.pl\/?page_id=217"},"modified":"2026-03-26T09:55:03","modified_gmt":"2026-03-26T09:55:03","slug":"wydarzenia-le-mans-ultimate","status":"publish","type":"page","link":"https:\/\/www.opera-racing.pl\/index.php\/wydarzenia-le-mans-ultimate\/","title":{"rendered":"Wydarzenia Le Mans Ultimate"},"content":{"rendered":"<h2 style=\"color:#003773;\" class=\"has-text-align-center has-link-color wp-elements-23adf58350b0a70e9c8040dd7c8feb70 wp-block-post-title has-text-color\">Wydarzenia Le Mans Ultimate<\/h2>\n\n\n<hr class=\"wp-block-separator has-text-color has-alpha-channel-opacity has-background is-style-wide\" style=\"margin-top:1.6rem;margin-bottom:1.6rem;background-color:#0957aa;color:#0957aa\"\/>\n\n\n\n<p class=\"has-text-align-center\">Nowy sezon ju\u017c wkr\u00f3tce! Przygotuj si\u0119 na \u015bwie\u017ce emocje, nowe mo\u017cliwo\u015bci i jeszcze wi\u0119cej tego, co lubisz. Zosta\u0144 z nami i nie przegap startu!<\/p>\n\n\n\n<p class=\"has-text-align-center\">A na razie zapraszamy w ka\u017cdy wtorek na wsp\u00f3lne \u015bciganie \u2013 do\u0142\u0105cz i poczuj klimat rywalizacji!<\/p>\n\n\n\n<hr class=\"wp-block-separator has-text-color has-alpha-channel-opacity has-background is-style-wide\" style=\"margin-top:1.6rem;margin-bottom:1.6rem;background-color:#0957aa;color:#0957aa\"\/>\n","protected":false},"excerpt":{"rendered":"<p>Nowy sezon ju\u017c wkr\u00f3tce! Przygotuj si\u0119 na \u015bwie\u017ce emocje, nowe mo\u017cliwo\u015bci i jeszcze wi\u0119cej tego, co lubisz. Zosta\u0144 z nami i nie przegap startu! A na razie zapraszamy w ka\u017cdy wtorek na wsp\u00f3lne \u015bciganie \u2013 do\u0142\u0105cz i poczuj klimat rywalizacji!<\/p>\n","protected":false},"author":1,"featured_media":0,"parent":0,"menu_order":0,"comment_status":"closed","ping_status":"closed","template":"","meta":{"_kadence_starter_templates_imported_post":false,"_kad_post_transparent":"","_kad_post_title":"","_kad_post_layout":"","_kad_post_sidebar_id":"","_kad_post_content_style":"","_kad_post_vertical_padding":"","_kad_post_feature":"","_kad_post_feature_position":"","_kad_post_header":false,"_kad_post_footer":false,"_kad_post_classname":"","footnotes":""},"class_list":["post-217","page","type-page","status-publish","hentry"],"_links":{"self":[{"href":"https:\/\/www.opera-racing.pl\/index.php\/wp-json\/wp\/v2\/pages\/217","targetHints":{"allow":["GET"]}}],"collection":[{"href":"https:\/\/www.opera-racing.pl\/index.php\/wp-json\/wp\/v2\/pages"}],"about":[{"href":"https:\/\/www.opera-racing.pl\/index.php\/wp-json\/wp\/v2\/types\/page"}],"author":[{"embeddable":true,"href":"https:\/\/www.opera-racing.pl\/index.php\/wp-json\/wp\/v2\/users\/1"}],"replies":[{"embeddable":true,"href":"https:\/\/www.opera-racing.pl\/index.php\/wp-json\/wp\/v2\/comments?post=217"}],"version-history":[{"count":17,"href":"https:\/\/www.opera-racing.pl\/index.php\/wp-json\/wp\/v2\/pages\/217\/revisions"}],"predecessor-version":[{"id":366,"href":"https:\/\/www.opera-racing.pl\/index.php\/wp-json\/wp\/v2\/pages\/217\/revisions\/366"}],"wp:attachment":[{"href":"https:\/\/www.opera-racing.pl\/index.php\/wp-json\/wp\/v2\/media?parent=217"}],"curies":[{"name":"wp","href":"https:\/\/api.w.org\/{rel}","templated":true}]}}